{"id":390,"date":"2019-12-09T22:06:14","date_gmt":"2019-12-09T21:06:14","guid":{"rendered":"http:\/\/valentinalizer.com\/?page_id=390"},"modified":"2026-04-29T11:21:18","modified_gmt":"2026-04-29T09:21:18","slug":"a-propos","status":"publish","type":"page","link":"http:\/\/valentinalizer.com\/?page_id=390","title":{"rendered":"Curriculum Vitae"},"content":{"rendered":"\n<h2 class=\"wp-block-heading\"><strong>Expositions &amp; r\u00e9sidences<\/strong><\/h2>\n\n\n\n<p>2022<em> \u2022 <\/em>Exposition collective, <em>\u201cGathered pearls\u201d<\/em>, museeLab (commissariat : <a href=\"https:\/\/seetamuller.tumblr.com\/\" data-type=\"URL\" data-id=\"https:\/\/seetamuller.tumblr.com\/\">Seeta Muller<\/a>), Tour Sant-Aubin, Angers, France<\/p>\n\n\n\n<p>2021<em> \u2022 <\/em>R\u00e9sidence avec <a rel=\"noreferrer noopener\" href=\"https:\/\/quentinsaintpierre.fr\/\" data-type=\"URL\" data-id=\"https:\/\/quentinsaintpierre.fr\/\" target=\"_blank\">Quentin Saintpierre<\/a>, <em>\u201cLike a Teenager King\u201d<\/em>, museeLab (commissariat : Seeta Muller), Sabl\u00e9-sur-Sarthe, France. <\/p>\n\n\n\n<p>2019<em> \u2022 <\/em>Exposition collective,&nbsp;<em>\u201cChez soi, demain maintenant\u201d<\/em>, Artoth\u00e8que de Vitr\u00e9 communaut\u00e9, Vitr\u00e9, France <\/p>\n\n\n\n<p>2018<em> \u2022 <\/em>Exposition collective,&nbsp;<em>\u201cSphere\u201d<\/em>, Kultuurikatel, Tallinn, Estonie<\/p>\n\n\n\n<p>2018<em> \u2022 <\/em>Exposition collective,&nbsp;<em>\u201cPiano Piano\u201d<\/em>, Galerie de l\u2019h\u00f4tel de ville, Chinon, France<\/p>\n\n\n\n<p>2018<em> \u2022 <\/em>Exposition collective,&nbsp;<em>\u201cHotel Dynamite\u201d<\/em>, Centre d\u2019art La Chapelle Saint Jacques, Saint Gaudens, France <\/p>\n\n\n\n<p>2016<em> \u2022 <\/em>Exposition collective,&nbsp;<em>\u201cSuperlatif\u201d<\/em>, Appartement, Le Mans, France<\/p>\n\n\n\n<p>2016<em> \u2022 <\/em>Exposition collective,&nbsp;<em>\u201cSUPERSLOMO\u201d<\/em>, H\u00f4tel Huger, La Fl\u00e8che, France<\/p>\n\n\n\n<p>2016<em> \u2022 <\/em>Exposition collective,&nbsp;<em>\u201cExp(l)osition Darkonceptualiste\u201d<\/em>, Appartement, Le Mans, France <\/p>\n\n\n\n<p>2016<em> \u2022 <\/em>Exposition avec Lucas Accary,&nbsp;<em>\u201cd\u2019ao\u00fbt\u201d<\/em>, Ch\u00e2teau de Sill\u00e9 le Guillaume, France<\/p>\n\n\n\n<p>2015<em> \u2022 <\/em>Exposition collective,&nbsp;<em>\u201cIncertain Genres\u201d<\/em>, Keramis Center, Belgium<\/p>\n\n\n\n<p>2015<em> \u2022 <\/em>Exposition collective,&nbsp;<em>\u201cArt dans le Vide\u201d<\/em>, Local commercial vide, Le Mans, France <\/p>\n\n\n\n<p>2015<em> \u2022 <\/em>Exposition avec Lucas Accary, Caf\u00e9 Berlin, Le Mans, France<\/p>\n\n\n\n<p>2014<em> \u2022 <\/em>Exposition collective, Caf\u00e9 Berlin, Le Mans, France<\/p>\n\n\n\n<h2 class=\"wp-block-heading\"><strong>\u00c9v\u00e9nements<\/strong><\/h2>\n\n\n\n<p>2026<em><em> \u2022 <\/em><\/em>Pi\u00e8ce de th\u00e9\u00e2tre, <em>\u201cMULET\u201d<\/em>, <a href=\"https:\/\/www.grand-rond.org\/spectacle\/2920\" data-type=\"link\" data-id=\"https:\/\/www.grand-rond.org\/spectacle\/2920\">Th\u00e9\u00e2tre du Grand Rond<\/a>, Toulouse, France.<\/p>\n\n\n\n<p>2026<em><em> \u2022 <\/em><\/em>Seul-en-sc\u00e8ne, <em>\u201c<a href=\"http:\/\/valentinalizer.com\/?page_id=1104\" data-type=\"link\" data-id=\"http:\/\/valentinalizer.com\/?page_id=1104\">Aquaplanning<\/a> : fan-fiction\u201d<\/em>, <a href=\"https:\/\/www.grand-rond.org\/spectacle\/2920\" data-type=\"link\" data-id=\"https:\/\/www.grand-rond.org\/spectacle\/2920\">Th\u00e9\u00e2tre du Grand Rond<\/a>, Toulouse, France.<\/p>\n\n\n\n<p>2025<em><em> \u2022 <\/em><\/em>Festival, \u201c<a href=\"http:\/\/valentinalizer.com\/?p=1037\" data-type=\"URL\" data-id=\"http:\/\/valentinalizer.com\/?p=1037\">Festival T4<\/a>, saison 8\u2009: vague\u201d, espaces domestiques, Toulouse, France.<\/p>\n\n\n\n<p>2024<em><em> \u2022 <\/em><\/em>Festival, \u201c<a href=\"http:\/\/valentinalizer.com\/?p=1037\" data-type=\"URL\" data-id=\"http:\/\/valentinalizer.com\/?p=1037\">Festival T4<\/a>, saison 7\u2009: tranch\u00e9\u00b7e\u00b7s\u201d, espaces domestiques, Toulouse, France.<\/p>\n\n\n\n<p>2024<em><em> \u2022 <\/em><\/em>Festival, \u201c<a href=\"http:\/\/valentinalizer.com\/?p=1037\">Festival T4<\/a>, saison 6\u2009: <span style=\"text-decoration: underline;\">si<\/span>, d\u00e9senchant\u00e9\u00b7e, vol, respiration, anti-bruit\u201d, espace public, Barcelone, Toulouse, Espagne.<\/p>\n\n\n\n<p>2023<em><em> \u2022 <\/em><\/em>Performance, \u201c<em>L&rsquo;envol<\/em>\u201d, avec mona mioca &amp; marjolaine, au cours de la \u201cSoir\u00e9e<em> \u00e9critures plurielles<\/em>\u201d organis\u00e9e par le collectif <a href=\"https:\/\/mielpages.com\/poesie\/rosevirgule\">Rose-Virgule<\/a>, au Local Piquemil, Toulouse, France.<\/p>\n\n\n\n<p>2023<em><em> \u2022 <\/em><\/em>Festival, \u201c<a href=\"http:\/\/valentinalizer.com\/?p=1037\" data-type=\"URL\" data-id=\"http:\/\/valentinalizer.com\/?p=1037\">Festival T4<\/a>, saison 5\u2009: man\u00e8ge, paysage, d\u00e9gradations\u201d, espaces domestiques, Toulouse, France.<\/p>\n\n\n\n<p>2023<em><em> \u2022 <\/em><\/em>Lecture-performance, \u201cCarte blanche po\u00e9tique \u00e0 Valentin Colette Alizer\u201d, sur invitation du collectif <a href=\"https:\/\/mielpages.com\/poesie\/rosevirgule\" data-type=\"link\" data-id=\"https:\/\/mielpages.com\/poesie\/rosevirgule\">Rose-Virgule<\/a>, au bar Le Poin\u00e7onneur, Toulouse, France.<\/p>\n\n\n\n<p>2023<em><em> \u2022 <\/em><\/em>Festival, \u201c<a href=\"http:\/\/valentinalizer.com\/?p=1037\" data-type=\"URL\" data-id=\"http:\/\/valentinalizer.com\/?p=1037\">Festival T4<\/a>, saison 4\u2009: trou\u201d, espaces publics, Toulouse, France.<\/p>\n\n\n\n<p>2023<em><em> \u2022 <\/em><\/em>Festival, \u201c<a href=\"http:\/\/valentinalizer.com\/?p=1037\" data-type=\"URL\" data-id=\"http:\/\/valentinalizer.com\/?p=1037\">Festival T4<\/a>, hors-saison\u2009: s&rsquo;il rit\u201d, espaces publics et priv\u00e9s, Ustou, France.<\/p>\n\n\n\n<p>2023<em><em> \u2022 <\/em><\/em>Festival, \u201c<a href=\"http:\/\/valentinalizer.com\/?p=1037\" data-type=\"URL\" data-id=\"http:\/\/valentinalizer.com\/?p=1037\">Festival T4<\/a>, saison 3\u2009: suite\u201d, espaces domestiques, Toulouse, France.<\/p>\n\n\n\n<p>2023<em><em> \u2022 <\/em><\/em>Lecture-performance, \u201c<a href=\"http:\/\/valentinalizer.com\/?p=795\" data-type=\"URL\" data-id=\"http:\/\/valentinalizer.com\/?p=795\"><em>quand j\u2019y suis j\u2019y reste<\/em><\/a>\u201d, en compagnie de Balthazar Boufakhreddine pendant l\u2019\u00e9v\u00e9nement \u201cJ\u2019ai glitch\u00e9 la mer pour l\u2019occasion\u201d sur invitation de Miel Pag\u00e8s \u00e0 l\u2019Utopia Borderouge, Toulouse, France<\/p>\n\n\n\n<p>2023<em><em> \u2022 <\/em><\/em>Festival, \u201c<a href=\"http:\/\/valentinalizer.com\/?p=1037\" data-type=\"URL\" data-id=\"http:\/\/valentinalizer.com\/?p=1037\">Festival T4<\/a>, saison 2\u2009: flash\u201d, espaces domestiques, Toulouse, France.<\/p>\n\n\n\n<p>2022<em><em> \u2022 <\/em><\/em>Festival, \u201c<a href=\"http:\/\/valentinalizer.com\/?p=1037\" data-type=\"URL\" data-id=\"http:\/\/valentinalizer.com\/?p=1037\">Festival T4<\/a>, saison 1\u2009: cendre.s\u201d, espaces domestiques, Toulouse, France.<\/p>\n\n\n\n<p>2022<em><em> \u2022 <\/em><\/em>Performance, pendant la premi\u00e8re \u00e9dition du <em><a href=\"https:\/\/www.instagram.com\/t4festival\/\">Festival T4<\/a><\/em>, dans diff\u00e9rents espaces domestiques, Toulouse, France.<\/p>\n\n\n\n<p>2022<em><em> \u2022 <\/em><\/em>Concert dessin\u00e9, <em>\u00ab\u00a0Balade Baroque: d\u00e9viation\u00a0\u00bb<\/em>, avec <a rel=\"noreferrer noopener\" href=\"https:\/\/quentinsaintpierre.fr\/\" data-type=\"URL\" data-id=\"https:\/\/quentinsaintpierre.fr\/\" target=\"_blank\">Quentin Saintpierre<\/a>, MJC des Ponts Jumeaux, Toulouse, France.<\/p>\n\n\n\n<p>2022<em> \u2022 <\/em>Lecture-performance, <em>\u201c<a href=\"http:\/\/valentinalizer.com\/?p=947\" data-type=\"URL\" data-id=\"http:\/\/valentinalizer.com\/?p=947\">Le bouton derri\u00e8re le poster<\/a>\u201d <\/em>\u00e0 <a rel=\"noreferrer noopener\" href=\"https:\/\/www.instagram.com\/fossile.futur\/\" data-type=\"URL\" data-id=\"https:\/\/www.instagram.com\/fossile.futur\/\" target=\"_blank\">Fossile Futur<\/a>, Meymac, France.<\/p>\n\n\n\n<p>2022<em><em> \u2022 <\/em><\/em>Concert dessin\u00e9, <em>\u00ab\u00a0Balade Baroque: flaque-line\u00a0\u00bb<\/em>, avec <a rel=\"noreferrer noopener\" href=\"https:\/\/quentinsaintpierre.fr\/\" data-type=\"URL\" data-id=\"https:\/\/quentinsaintpierre.fr\/\" target=\"_blank\">Quentin Saintpierre<\/a>, pendant l&rsquo;\u00e9v\u00e9nement <em>\u00ab\u00a0Treize endett\u00e9.e.s\u00a0\u00bb<\/em> \u00e0 la Villa des Croutons, Toulouse, France.<\/p>\n\n\n\n<p>2022<em><em> \u2022 <\/em><\/em>Concert dessin\u00e9, <em>\u00ab\u00a0Balade Baroque: bienvenue \u00e0 Superlight\u00a0\u00bb<\/em>, avec <a rel=\"noreferrer noopener\" href=\"https:\/\/quentinsaintpierre.fr\/\" data-type=\"URL\" data-id=\"https:\/\/quentinsaintpierre.fr\/\" target=\"_blank\">Quentin Saintpierre<\/a>, MJC des Ponts Jumeaux, Toulouse, France.<\/p>\n\n\n\n<p>2021<em> \u2022 <\/em>Lecture-performance, <em>\u201c<a href=\"http:\/\/valentinalizer.com\/?p=947\" data-type=\"URL\" data-id=\"http:\/\/valentinalizer.com\/?p=947\">Le bouton derri\u00e8re le poster<\/a>\u201d <\/em>pendant le <em>Before<\/em>, ISDAT, Toulouse, France.<\/p>\n\n\n\n<p>2017<em> \u2022 <\/em>Lecture-performance,&nbsp;<em>\u201cL\u2019Ours Honn\u00eate\u201d&nbsp;<\/em>pendant l\u2019\u00e9v\u00e9nement&nbsp;<em>\u201cFrom the sounds to the words to the sounds\u201d&nbsp;<\/em>\u00e0 l\u2019exposition&nbsp;<em>\u201cA Space Above the Line\u201d&nbsp;<\/em>Hobusepea Gallery, Tallinn, Estonia<\/p>\n\n\n\n<p>2017<em> \u2022 <\/em>Projection cin\u00e9matographique de&nbsp;<em>\u201cOne Hundred and Ninety Eight\u201d&nbsp;<\/em>et&nbsp;<em>\u201cDon\u2019t walk don\u2019t stop\u201d&nbsp;<\/em>pendant l\u2019\u00e9v\u00e9nement&nbsp;<em>\u201cTallinn Noir\u201d<\/em>, Kino S\u00f5prus, Tallinn, Estonia<\/p>\n\n\n\n<p>2017<em> \u2022 <\/em>Performances, durant l\u2019\u00e9v\u00e9nement&nbsp;<em>\u201cA DaDa sur mon Banquet !\u201d&nbsp;<\/em>organis\u00e9 par l\u2019artiste Jacques Halbert, Les Caves Painctes, Chinon, France<\/p>\n\n\n\n<h2 class=\"wp-block-heading\"><strong>Publications<\/strong><\/h2>\n\n\n\n<p>2025<em> \u2022 <\/em>\u201c<em><em><a href=\"https:\/\/www.lespressesdureel.com\/ouvrage.php?id=11990&amp;menu=0\">\u00c9critures transversales<\/a><\/em><\/em>\u201d, de Marie Gayet. Edit\u00e9 par Claus Sauer.<\/p>\n\n\n\n<p>2024<em> \u2022 <\/em>\u201c<em>rojo total<\/em>\u201d, documentation de la performance collective \u00e9ponyme, auto-\u00e9dition.<\/p>\n\n\n\n<p>2023<em> \u2022 \u201c\u00e7a c&rsquo;est canon\u201d<\/em>, publi\u00e9 dans \u201c<em>IBLAND n\u00b01<\/em>\u201d, par le collectif Bl.a.<\/p>\n\n\n\n<p>2022<em> \u2022 <\/em>\u201c<em><a href=\"http:\/\/valentinalizer.com\/?p=1050\" data-type=\"URL\" data-id=\"http:\/\/valentinalizer.com\/?p=1050\">fade out<\/a><\/em>\u201d, po\u00e8me-partition, auto-\u00e9dition.<\/p>\n\n\n\n<p>2022<em> \u2022 \u201cBalade Baroque \u00e0 Superlight via les talus de la nuit\u00a0\u00bb<\/em>,<em> <\/em>avec <a rel=\"noreferrer noopener\" href=\"https:\/\/quentinsaintpierre.fr\/\" data-type=\"URL\" data-id=\"https:\/\/quentinsaintpierre.fr\/\" target=\"_blank\">Quentin Saintpierre<\/a>, auto-\u00e9dition. <\/p>\n\n\n\n<p>2021<em> \u2022 \u201c<a href=\"http:\/\/valentinalizer.com\/?p=947\" data-type=\"URL\" data-id=\"http:\/\/valentinalizer.com\/?p=947\">Le bouton derri\u00e8re le poster<\/a><em>\u201d<\/em><\/em>, conte-partition, auto-\u00e9dition, premier tirage \u00e0 trois exemplaires.<\/p>\n\n\n\n<p>2021<em> \u2022 \u201cLa vie brouillon<em>\u201d<\/em><\/em> po\u00e8me-partition, publi\u00e9 dans la revue <em>\u201capproches n\u00b010\u201d<\/em>, par les \u00e9ditions Ac\u00e9die 58.<\/p>\n\n\n\n<p>2021<em> \u2022 \u201c<a href=\"http:\/\/valentinalizer.com\/?p=795\" data-type=\"URL\" data-id=\"http:\/\/valentinalizer.com\/?p=795\">quand j\u2019y suis j\u2019y reste<\/a>\u201d<\/em>, po\u00e8me-partition, auto-\u00e9dition, premier tirage \u00e0 dix exemplaires.<\/p>\n\n\n\n<p>2021<em> \u2022 \u201c<a href=\"http:\/\/valentinalizer.com\/?p=907\" data-type=\"URL\" data-id=\"http:\/\/valentinalizer.com\/?p=907\">ploc<\/a>\u201d<\/em>, auto-\u00e9dition, livre d\u2019artiste.<\/p>\n\n\n\n<p>2021<em> \u2022 \u201cIl \u00e9tait une fois un jeune homme en armure de porcelaine\u2026\u201d<\/em>, publi\u00e9 dans \u201c \u7b2c\u4e00\u670b\u53cb\u753b\u62a5, Pengyou Huabao, journal illustr\u00e9 de copains &#8211; num\u00e9ro 2\u201d, par le collectif Bl.a.<\/p>\n\n\n\n<p>2021<em> \u2022 \u201c<a href=\"http:\/\/valentinalizer.com\/?p=915\" data-type=\"URL\" data-id=\"http:\/\/valentinalizer.com\/?p=915\">cuddle<\/a>\u201d<\/em>, auto-\u00e9dition, livre d\u2019artiste.<\/p>\n\n\n\n<p>2020<em> \u2022 \u201cjoli july vingt-vingt\u201d<\/em>, livre d\u2019artiste, 2 exemplaires.<\/p>\n\n\n\n<p>2019<em> \u2022 \u201cL\u2019<a href=\"http:\/\/valentinalizer.com\/?p=579\" data-type=\"URL\" data-id=\"http:\/\/valentinalizer.com\/?p=579\">odeur des pins n\u00b02<\/a>\u201d<\/em>, publi\u00e9 chez Simili-cuir \u00c9ditions.<\/p>\n\n\n\n<p>2019<em> \u2022 Po\u00e8me introduisant \u201cCr\u00e9puscule\u201d<\/em>, un livre de photographies de Jeanne Minier.<\/p>\n\n\n\n<p>2019<em> \u2022 \u201c<a href=\"http:\/\/valentinalizer.com\/?p=579\" data-type=\"URL\" data-id=\"http:\/\/valentinalizer.com\/?p=579\">L\u2019odeur des pins n\u00b01<\/a>\u201d<\/em>, publi\u00e9 chez Simili-cuir \u00c9ditions.<\/p>\n\n\n\n<p>2019<em> \u2022 <\/em><a href=\"https:\/\/remue.net\/poesie-musique-et-dialogue-des-arts-entretien-avec-valentin-alizer-et-documents\" data-type=\"URL\" data-id=\"https:\/\/remue.net\/poesie-musique-et-dialogue-des-arts-entretien-avec-valentin-alizer-et-documents\">Entretien avec Laure Gauthier<\/a> dans le cadre de son dossier&nbsp;<em>\u201c<\/em><a href=\"https:\/\/remue.net\/poesie-et-musique\" data-type=\"URL\" data-id=\"https:\/\/remue.net\/poesie-et-musique\"><em>Musique et po\u00e9sie contemporaines dans le dialogue des arts\u201d&nbsp;<\/em>pour la revue en ligne&nbsp;<em>\u201cRemue.net\u201d<\/em>.<\/a><\/p>\n\n\n\n<p>2019<em> \u2022 \u201cSur le sentier de l\u2019urgent \u00e7a grimpe un peu\u201d&nbsp;<\/em>(\u00e9ditorial) &amp;&nbsp;<em>\u201cL\u2019otite\u201d&nbsp;<\/em>(pi\u00e8ce de th\u00e9\u00e2tre)<em>,&nbsp;<\/em>publi\u00e9s dans&nbsp;<em>\u201c<a href=\"http:\/\/valentinalizer.com\/?p=569\" data-type=\"URL\" data-id=\"http:\/\/valentinalizer.com\/?p=569\">Post Post Avant-Poste<\/a>\u201d<\/em>, journal tir\u00e9 \u00e0 200 exemplaires \u00e0 l\u2019occasion de l\u2019exposition&nbsp;<em>\u201cChez soi, demain maintenant\u201d<\/em>.<\/p>\n\n\n\n<p>2018<em> \u2022 \u201c<a href=\"http:\/\/valentinalizer.com\/?p=564\" data-type=\"URL\" data-id=\"http:\/\/valentinalizer.com\/?p=564\">Un trait\u00e9 pour un rendu, saison 2<\/a>\u201d<\/em>, livre d\u2019artiste publi\u00e9 chez Simili-cuir \u00c9ditions, tir\u00e9 \u00e0 10 exemplaires. <\/p>\n\n\n\n<p>2018<em> \u2022 \u201cTU &amp; la grosse dame\u201d<\/em>, fanzine publi\u00e9 chez Simili-cuir \u00c9ditions, tir\u00e9 \u00e0 20 exemplaires.<\/p>\n\n\n\n<p>2018<em> \u2022 \u201cNe nous plie jamais\u201d<\/em>, fanzine publi\u00e9 chez Simili-cuir \u00c9ditions, tir\u00e9 \u00e0 20 exemplaires.<\/p>\n\n\n\n<p>2018<em> \u2022 \u201c<a href=\"http:\/\/valentinalizer.com\/?p=564\" data-type=\"URL\" data-id=\"http:\/\/valentinalizer.com\/?p=564\">Un trait\u00e9 pour un rendu, saison 1<\/a>\u201d<\/em>, livre d\u2019artiste publi\u00e9 chez Simili-cuir \u00c9ditions, tir\u00e9 \u00e0 10 exemplaires.<\/p>\n\n\n\n<h2 class=\"wp-block-heading\"><strong>Collaborations<\/strong><\/h2>\n\n\n\n<p>2025-2027 <em>\u2022 \u00ab\u00a0MULET\u00a0\u00bb<\/em>, pi\u00e8ce de th\u00e9\u00e2tre port\u00e9e de Lou Rey, port\u00e9e par la <a href=\"https:\/\/vibrant-lesemoires.wordpress.com\/\">Cie RSA<\/a>, avec sur sc\u00e8ne : Antonin, Silo\u00eb et Lou. Mise en sc\u00e8ne de Colette Alizer. <em>Cr\u00e9ation en cours.<\/em><\/p>\n\n\n\n<p>2025<em> \u2022 <\/em>\u201c<em><em><a href=\"https:\/\/www.lespressesdureel.com\/ouvrage.php?id=11990&amp;menu=0\">COLERIQUE<\/a><\/em><\/em>\u201d, seul-en-sc\u00e8ne de Antonin Paris, port\u00e9 par la <a href=\"https:\/\/vibrant-lesemoires.wordpress.com\/\">Cie RSA<\/a>. Cr\u00e9ation de l&rsquo;habillage sonore du spectacle.<\/p>\n\n\n\n<p>2025<em> \u2022<\/em>&nbsp;<em>\u00ab\u00a0Ventre\u00a0\u00bb<\/em>, court-m\u00e9trage r\u00e9alis\u00e9 Mila Myr Roulx. Avec \u00e0 l&rsquo;image : Marjolaine et Marine. Assistance \u00e0 la r\u00e9alisation, prise son et cr\u00e9ation de la musique originale.<\/p>\n\n\n\n<p>2024<em> \u2022<\/em>&nbsp;<em><a href=\"http:\/\/valentinalizer.com\/?p=1173\">\u00ab\u00a0Manger l&rsquo;Oiseau\u00a0\u00bb<\/a><\/em>, long m\u00e9trage r\u00e9alis\u00e9 Mila Myr Roulx et port\u00e9 par l&rsquo;<a href=\"https:\/\/www.instagram.com\/logratoire_films\/\">Ogratoire<\/a>. Sc\u00e9nographie, performance, figuration, montage-vid\u00e9o et post-production.<\/p>\n\n\n\n<h2 class=\"wp-block-heading\"><strong>Implication collective<\/strong><\/h2>\n\n\n\n<p>2025-2026<em> \u2022<\/em> <a href=\"https:\/\/www.grand-rond.org\/spectacle\/2876\">Tapages#2<\/a>, festival au th\u00e9\u00e2tre du Grand Rond de Toulouse. Co-organisation et participation \u00e0 l&rsquo;\u00e9dition ; r\u00e9alisation de l&rsquo;identit\u00e9 visuelle.&nbsp;<\/p>\n\n\n\n<p>2024-2025<em> \u2022<\/em>&nbsp;<a href=\"https:\/\/www.instagram.com\/bottesdequeers\/\">Collectif Botte de Queer<\/a>, co-organisation et participation \u00e0 la pastille queer f\u00e9ministe du festival d&rsquo;Aurillac, en autogestion avec les membres du collectif.<\/p>\n\n\n\n<p>2023-2024<em> \u2022<\/em>&nbsp;<a href=\"https:\/\/www.facebook.com\/logratoire\">L<em><span style=\"text-decoration: underline;\">&lsquo;<\/span><\/em><span style=\"text-decoration: underline;\">Ogratoire<\/span><\/a>, sc\u00e9nographie, performance, figuration, montage-vid\u00e9o du film <em>Manger l&rsquo;Oiseau<\/em> r\u00e9alis\u00e9 par Mila Myr Roulx.<\/p>\n\n\n\n<p>2022-2025<em> \u2022<\/em>&nbsp;<a href=\"http:\/\/valentinalizer.com\/?p=1037\" data-type=\"URL\" data-id=\"http:\/\/valentinalizer.com\/?p=1037\">Collectif T4<\/a>, organisation trimestrielle d\u2019un festival de th\u00e9\u00e2tre et de performances dans des espaces atypiques\u2009: maisons, appartements, laverie, etc.<\/p>\n\n\n\n<p>2017-2020<em> \u2022<\/em>&nbsp;<a href=\"http:\/\/valentinalizer.com\/?p=615\" data-type=\"URL\" data-id=\"http:\/\/valentinalizer.com\/?p=615\">Simili-cuir \u00c9ditions<\/a>, cr\u00e9ation et gestion en collaboration avec Caroline Solievna d\u2019une association sp\u00e9cialis\u00e9e dans la micro-\u00e9dition : fanzines, livres d\u2019artiste, estampes.<\/p>\n\n\n\n<h2 class=\"wp-block-heading\"><strong>Formation<\/strong><\/h2>\n\n\n\n<p>2018<em> \u2022<\/em>&nbsp;DNSEP, f\u00e9licitations du jury, ESAD TALM, site du Mans, France<\/p>\n\n\n\n<p>2017<em> \u2022<\/em>&nbsp;ERASMUS Exchange in printmaking department, one semester Eesti Kunstiakadeemia, Estonia<\/p>\n\n\n\n<p>2016<em> \u2022<\/em>&nbsp;DNAP, f\u00e9licitations du jury, ESBA TALM, site du Mans, France<\/p>\n","protected":false},"excerpt":{"rendered":"<p>Expositions &amp; r\u00e9sidences 2022 \u2022 Exposition collective, \u201cGathered pearls\u201d, museeLab (commissariat : Seeta Muller), Tour Sant-Aubin, Angers, France 2021 \u2022 R\u00e9sidence avec Quentin Saintpierre, \u201cLike a Teenager King\u201d, museeLab (commissariat : Seeta Muller), Sabl\u00e9-sur-Sarthe, France. 2019 \u2022 Exposition collective,&nbsp;\u201cChez soi, demain maintenant\u201d, Artoth\u00e8que de Vitr\u00e9 communaut\u00e9, Vitr\u00e9, France 2018 \u2022 Exposition collective,&nbsp;\u201cSphere\u201d, Kultuurikatel, Tallinn, Estonie [&hellip;]<\/p>\n","protected":false},"author":1,"featured_media":0,"parent":0,"menu_order":0,"comment_status":"closed","ping_status":"closed","template":"","meta":{"_acf_changed":false,"footnotes":""},"class_list":["post-390","page","type-page","status-publish","hentry"],"acf":[],"_links":{"self":[{"href":"http:\/\/valentinalizer.com\/index.php?rest_route=\/wp\/v2\/pages\/390","targetHints":{"allow":["GET"]}}],"collection":[{"href":"http:\/\/valentinalizer.com\/index.php?rest_route=\/wp\/v2\/pages"}],"about":[{"href":"http:\/\/valentinalizer.com\/index.php?rest_route=\/wp\/v2\/types\/page"}],"author":[{"embeddable":true,"href":"http:\/\/valentinalizer.com\/index.php?rest_route=\/wp\/v2\/users\/1"}],"replies":[{"embeddable":true,"href":"http:\/\/valentinalizer.com\/index.php?rest_route=%2Fwp%2Fv2%2Fcomments&post=390"}],"version-history":[{"count":73,"href":"http:\/\/valentinalizer.com\/index.php?rest_route=\/wp\/v2\/pages\/390\/revisions"}],"predecessor-version":[{"id":1231,"href":"http:\/\/valentinalizer.com\/index.php?rest_route=\/wp\/v2\/pages\/390\/revisions\/1231"}],"wp:attachment":[{"href":"http:\/\/valentinalizer.com\/index.php?rest_route=%2Fwp%2Fv2%2Fmedia&parent=390"}],"curies":[{"name":"wp","href":"https:\/\/api.w.org\/{rel}","templated":true}]}}