{"id":695,"date":"2020-03-09T23:35:21","date_gmt":"2020-03-09T22:35:21","guid":{"rendered":"http:\/\/valentinalizer.com\/?page_id=695"},"modified":"2023-09-08T20:13:34","modified_gmt":"2023-09-08T18:13:34","slug":"statement","status":"publish","type":"page","link":"http:\/\/valentinalizer.com\/?page_id=695","title":{"rendered":"Statement"},"content":{"rendered":"\n<h3 class=\"wp-block-heading\">Statement<\/h3>\n\n\n\n<p>\u00c0 la crois\u00e9e de l\u2019exp\u00e9rimentation formelle et du r\u00e9cit autobiographique, la pratique de Valentin Alizer \u00e9volue conjointement dans les champs des arts visuels et de la po\u00e9sie-performance et s\u2019inscrit d\u00e8s lors dans une recherche \u00e9largie sur le rapport texte-image-son. <\/p>\n\n\n\n<p>Il en r\u00e9sulte un travail constitu\u00e9 de po\u00e8mes-partitions, de partitions graphiques et de protocoles ludiques, qui tendent \u2014 chacun \u00e0 leur mani\u00e8re \u2014 \u00e0 donner naissance \u00e0 diff\u00e9rentes formes de narrations.<\/p>\n\n\n\n<h3 class=\"wp-block-heading\">Essentiellement : l&rsquo;attente<\/h3>\n\n\n\n<p>Quand j\u2019enl\u00e8ve tout, tout tout tout, j\u2019ai le sentiment qu\u2019il ne reste que la n\u00e9cessit\u00e9 de faire, ou de ne rien faire d\u2019ailleurs, mais de ne rien faire en tant qu\u2019action de faire, quelque chose. Je veux dire, m\u00eame mon action la quasi-plus-quotidienne la plus minime : me d\u00e9placer au caf\u00e9, m\u2019attabler, boire le caf\u00e9, partir ; je ne la documente quasi plus, ou quasi plus que par bonne conscience (parfois); parce qu\u2019il faut diffuser, ou diss\u00e9miner plut\u00f4t.<\/p>\n\n\n\n<p>Ce qui m\u2019est n\u00e9cessaire, c\u2019est de faire ce qui est minime, qui n\u2019importe pas, qui est futile. La futilit\u00e9 m\u2019importe. J\u2019aime quand elle passe au dessus. J\u2019aime aussi quand elle est chancelante. J\u2019aime quand elle ne tient pas debout, qu\u2019on la b\u00e9quille ; et quand elle tient debout, qu\u2019on la pousse un petit peu, qu\u2019elle ne tienne plus trop debout mais qu\u2019elle quasi-vole, mais touche un bout du sol.<\/p>\n\n\n\n<p>Je n\u2019aime pas ce qui explicite, chez les autres, chez moi.<\/p>\n\n\n\n<p>Je cherche \u00e0 dire quasi-rien, et ce quasi-rien, qui prend que tchi de place, je l\u2019\u00e9tale ou le noie; les deux.<\/p>\n\n\n\n<p>Dans mon approche en elle m\u00eame il y a : aimer, attendre.<\/p>\n\n\n\n<p>J\u2019aime attendre, quoiqu\u2019aussi : j\u2019aime ne pas aimer attendre ; j\u2019aime \u00eatre coinc\u00e9 dans le temps de l\u2019attente ; j\u2019aime quand on ne peut rien faire d\u2019autre qu\u2019attendre, (j\u2019entends l\u00e0 : d\u2019autres utiles) ; j\u2019aime \u00eatre coinc\u00e9 dans la n\u00e9cessit\u00e9 d\u2019un temps perdu d\u2019avance ; j\u2019aime l\u2019attente en boucles.<\/p>\n\n\n\n<p>Le temps (le un temps long) pr\u00e9vaut et d\u00e8s lors, le temps long compress\u00e9 pr\u00e9vaut. C\u2019est-\u00e0-dire : d\u00e8s lors que je cherche l\u2019attente ou le temps-long-pr\u00e9texte, il se raccourcit, s\u2019affine; et je joue de fait dans le temps fin et dans l\u2019urgence induite.<\/p>\n\n\n\n<p>Aussi: j\u2019aime quand la tasse est belle et tinte la sous-tasse: le d\u00e9tail importe, dans l\u2019urgence m\u00eame.<\/p>\n","protected":false},"excerpt":{"rendered":"<p>Statement \u00c0 la crois\u00e9e de l\u2019exp\u00e9rimentation formelle et du r\u00e9cit autobiographique, la pratique de Valentin Alizer \u00e9volue conjointement dans les champs des arts visuels et de la po\u00e9sie-performance et s\u2019inscrit d\u00e8s lors dans une recherche \u00e9largie sur le rapport texte-image-son. Il en r\u00e9sulte un travail constitu\u00e9 de po\u00e8mes-partitions, de partitions graphiques et de protocoles ludiques, [&hellip;]<\/p>\n","protected":false},"author":1,"featured_media":0,"parent":0,"menu_order":0,"comment_status":"closed","ping_status":"closed","template":"","meta":{"_acf_changed":false,"footnotes":""},"class_list":["post-695","page","type-page","status-publish","hentry"],"acf":[],"_links":{"self":[{"href":"http:\/\/valentinalizer.com\/index.php?rest_route=\/wp\/v2\/pages\/695","targetHints":{"allow":["GET"]}}],"collection":[{"href":"http:\/\/valentinalizer.com\/index.php?rest_route=\/wp\/v2\/pages"}],"about":[{"href":"http:\/\/valentinalizer.com\/index.php?rest_route=\/wp\/v2\/types\/page"}],"author":[{"embeddable":true,"href":"http:\/\/valentinalizer.com\/index.php?rest_route=\/wp\/v2\/users\/1"}],"replies":[{"embeddable":true,"href":"http:\/\/valentinalizer.com\/index.php?rest_route=%2Fwp%2Fv2%2Fcomments&post=695"}],"version-history":[{"count":14,"href":"http:\/\/valentinalizer.com\/index.php?rest_route=\/wp\/v2\/pages\/695\/revisions"}],"predecessor-version":[{"id":1101,"href":"http:\/\/valentinalizer.com\/index.php?rest_route=\/wp\/v2\/pages\/695\/revisions\/1101"}],"wp:attachment":[{"href":"http:\/\/valentinalizer.com\/index.php?rest_route=%2Fwp%2Fv2%2Fmedia&parent=695"}],"curies":[{"name":"wp","href":"https:\/\/api.w.org\/{rel}","templated":true}]}}