{"id":887,"date":"2021-09-19T18:53:34","date_gmt":"2021-09-19T16:53:34","guid":{"rendered":"http:\/\/valentinalizer.com\/?page_id=887"},"modified":"2021-09-19T19:40:26","modified_gmt":"2021-09-19T17:40:26","slug":"genealogi","status":"publish","type":"page","link":"http:\/\/valentinalizer.com\/?page_id=887","title":{"rendered":"G\u00e9n\u00e9alogie"},"content":{"rendered":"\n<p>Prenons comme point de d\u00e9part ce moment o\u00f9 je compose, lis-performe une traduction homophon\u00e9tique de l\u2019<em><a href=\"https:\/\/www.youtube.com\/watch?v=7QgHTM9hQj8\" data-type=\"URL\" data-id=\"https:\/\/www.youtube.com\/watch?v=7QgHTM9hQj8\" target=\"_blank\" rel=\"noreferrer noopener\">UrSonate<\/a><\/em> de Kurt Schwitters\u2009: l\u2019<em><a href=\"http:\/\/valentinalizer.com\/?p=70\" data-type=\"URL\" data-id=\"http:\/\/valentinalizer.com\/?p=70\">Ours Honn\u00eate<\/a><\/em>. J\u2019y vais du phon\u00e9tique au s\u00e9mantique, francophone, grammaticalement correct afin d\u2019\u00e9laborer un semblant de narration diffuse. J\u2019\u00e9coute <a href=\"https:\/\/www.youtube.com\/watch?v=PXtDkAnJx7o\" data-type=\"URL\" data-id=\"https:\/\/www.youtube.com\/watch?v=PXtDkAnJx7o\" target=\"_blank\" rel=\"noreferrer noopener\">Michael Schmid<\/a>, lui prend sa prosodie, tout ou partie de son flow et lis-performe le texte deux fois, une en France, une en Estonie o\u00f9 le s\u00e9mantique et re\u00e7ue phon\u00e9tique, la boucle est boucl\u00e9e.<\/p>\n\n\n\n<p>\u00c0 partir de l\u00e0, l\u2019aspect formel de mon travail sur l\u2019<em>Ours Honn\u00eate<\/em> fa\u00e7onnera mon processus et ma prosodie.<\/p>\n\n\n\n<p>J\u2019\u00e9cris un m\u00e9moire sur la question de la partition dans la po\u00e9sie sonore, d\u00e9couvre la partition graphique et me plonge dans <em>Treatise<\/em> de Cardew.<\/p>\n\n\n\n<p>\u00c0 la m\u00eame p\u00e9riode, Caroline Solievna et moi montons <em><a href=\"http:\/\/valentinalizer.com\/?p=615\" data-type=\"URL\" data-id=\"http:\/\/valentinalizer.com\/?p=615\">Simili-cuir \u00c9ditions\u2009<\/a><\/em>; nous nous rendons \u00e0 la Fabrique Pola, et j\u2019aper\u00e7ois en bord de route un panneau\u2009: \u00ab\u2009Billard \/ Minigolf\u2009\u00bb. Je d\u00e9couvre le minigolf de comp\u00e9tition, ses r\u00e8gles, ses variantes et les normes qui en contraignent la forme et je traduis <em>Treatise<\/em> en minigolf, l\u2019intitule <em><a href=\"http:\/\/valentinalizer.com\/?p=564\" data-type=\"URL\" data-id=\"http:\/\/valentinalizer.com\/?p=564\">Un trait\u00e9 pour un rendu<\/a>,<\/em> et l\u2019envisage comme le sch\u00e9mas narratif d\u2019une s\u00e9rie t\u00e9l\u00e9vis\u00e9e potentielle.<\/p>\n\n\n\n<p>Des fins s\u2019encha\u00eenent\u2009: les beaux arts, ma relation avec O., ma vie mancelle.<\/p>\n\n\n\n<p>Je substitue le caf\u00e9 \u00e0 l\u2019atelier et entame <a href=\"https:\/\/www.instagram.com\/lundit__\/\" data-type=\"URL\" data-id=\"https:\/\/www.instagram.com\/lundit__\/\" target=\"_blank\" rel=\"noreferrer noopener\">@lundit__<\/a>, une pr\u00e9sence-performance, document\u00e9e sur Instagram\u2009: au caf\u00e9 j\u2019\u00e9cris, je dessine, je lis, j\u2019attends.<\/p>\n\n\n\n<p>Un jour, Lucas Pastor m\u2019offre <em>Le crime du golf<\/em> d\u2019Agatha Christie, je cloue le pav\u00e9 au mur de ma nouvelle vie, toulousaine.<\/p>\n\n\n\n<p>\u00c0 la m\u00eame \u00e9poque, j\u2019ai Brel en boucle aux oreilles, \u00ab\u2009Ne me quitte pas, ne me quitte pas, <a rel=\"noreferrer noopener\" href=\"https:\/\/youtu.be\/sk1jfXB6IU0\" data-type=\"URL\" data-id=\"https:\/\/youtu.be\/sk1jfXB6IU0\" target=\"_blank\">ne me quitte pas\u2009<\/a>\u00bb\u2009; je me demande qui est \u00ab\u2009ce roi mort de n\u2019avoir pas pu te rencontrer\u2009\u00bb\u2009; j\u2019entame un travail de recherche iconographique et pictural autour de <em><a href=\"http:\/\/valentinalizer.com\/?p=773\" data-type=\"URL\" data-id=\"http:\/\/valentinalizer.com\/?p=773\">Ce roi mort\u2026<\/a><\/em> qui m\u2019accompagnera dans mon travail\u2009: cam\u00e9os &amp; co.<\/p>\n\n\n\n<p>Je lis-ne-finis-pas <em>Lipstick Traces<\/em> de Greil Marcus\u2009; \u00e0 un moment du livre\u2009: \u00ab\u2009Il fait froid, sombre, il sent <a href=\"https:\/\/www.instagram.com\/lodeurdespins\/\" data-type=\"URL\" data-id=\"https:\/\/www.instagram.com\/lodeurdespins\/\" target=\"_blank\" rel=\"noreferrer noopener\">l\u2019odeur des pins\u2009<\/a>\u00bb\u2009; j\u2019entame une s\u00e9rie de po\u00e8mes \u00e0 partir de pin\u2019s que j\u2019ai ou que l\u2019on me donne et d\u00e9veloppe une pratique de l\u2019\u00e9criture semi-automatique, \u00e0 destination orale, inspir\u00e9e de ce que j\u2019ai de visu puis de visu-v\u00e9cu.<\/p>\n\n\n\n<p>En parall\u00e8le, je voyage en stop, chaque \u00e9t\u00e9, parfois l\u2019hiver, j\u2019attends puis je vois des gens. \u00c0 chaque fois je raconte, encore et encore les faits, les gens pass\u00e9s qui s\u2019incr\u00e9mentent et s\u2019accumulent.<\/p>\n\n\n\n<p>Un \u00e9t\u00e9, plusieurs matins de suite, je m\u2019\u00e9veille \u00e0 Marseille \u00e9tourdi tout suant face \u00e0 la chemin\u00e9e d\u2019une amie, j\u2019en fais <a href=\"http:\/\/valentinalizer.com\/?p=780\" data-type=\"URL\" data-id=\"http:\/\/valentinalizer.com\/?p=780\">le croquis<\/a>.<\/p>\n\n\n\n<p>Au bout de quatre mois sur la route, je rentre, je vois <em>Slacker<\/em>, j\u2019entends-je-lis\u2009: \u00ab\u2009I\u2019ve traveled. [\u2026] And when you get back, you can\u2019t tell wether it really happened to you or you just saw it on TV.\u2009\u00bb, et \u00e7a r\u00e9sonne\u2009; et puis je d\u00e9veloppe une passion-fascination pour les sous-titres jaunes.<\/p>\n\n\n\n<p>Je lis <em>Nadja<\/em> et cons\u00e9cutivement j\u2019entreprends de r\u00e9aliser la chemin\u00e9e, factice, \u00e0 l\u2019\u00e9chelle 1, \u00e0 partir du croquis et des souvenirs associ\u00e9s\u2009; la taille, la touche, ce que je figure ou ne figure pas, chaque micro-d\u00e9cision prend son temps.<\/p>\n\n\n\n<p>J\u2019entame <em><a href=\"http:\/\/valentinalizer.com\/?p=682\" data-type=\"URL\" data-id=\"http:\/\/valentinalizer.com\/?p=682\">Marseille, phase 3<\/a><\/em>, une bande dessin\u00e9e\u2009; on y suit mon personnage en fin d\u2019\u00e9t\u00e9 se faufiler entre les teuffeurs, aux pieds des lettres \u00ab\u2009MARSEILLE\u2009\u00bb que <em>Netflix<\/em> a pay\u00e9, regarder la M\u00e9diterran\u00e9e puis s\u2019endormir au pied d\u2019un IPN, glisser, glisser dans le noir le long d\u2019un toboggan jusqu\u2019\u00e0 se poser sur le toit de la limousine de <a href=\"http:\/\/valentinalizer.com\/?p=773\" data-type=\"URL\" data-id=\"http:\/\/valentinalizer.com\/?p=773\">ce roi mort.<\/a><\/p>\n\n\n\n<p>Dans la foul\u00e9e, j\u2019entame <a href=\"http:\/\/valentinalizer.com\/?p=773\" data-type=\"URL\" data-id=\"http:\/\/valentinalizer.com\/?p=773\">un jeu<\/a> pour <em>Game Boy Color<\/em>, on y incarne ce roi \u00e0 l\u2019arri\u00e8re de sa limo, regarder d\u00e9filer le paysage, les panneaux de sortie d\u2019autoroutes, d\u2019aires de services et de points d\u2019int\u00e9r\u00eat culturel et touristique.<\/p>\n\n\n\n<p>L\u2019\u00e9t\u00e9 suivant, je pars, quoi que juste avant, je rencontre H. et tombe amoureux, je pars, j\u2019attends mon retour. [\u2026] Un jour d\u2019automne, nous nous s\u00e9parons, je finis la chemin\u00e9e.<\/p>\n\n\n\n<p>\u00c0 la mi-printemps suivant, je suis invit\u00e9 <a href=\"http:\/\/valentinalizer.com\/?p=785\" data-type=\"URL\" data-id=\"http:\/\/valentinalizer.com\/?p=785\">en r\u00e9sidence \u00e0 Sabl\u00e9-sur-Sarthe<\/a> en compagnie de Quentin Saintpierre, pour un mois de recherches. Nous revenons sur nos \u00e9t\u00e9s. Je d\u00e9cide d\u2019\u00e9voquer cet amour d\u2019\u00e9t\u00e9, de trouver comment me raconter sans raconter l\u2019autre et m\u2019int\u00e9resse aux moments d\u2019attentes. Je peins notamment <em>J-0 ET H-QUELQUES HEURES<\/em>, une vue satellite du caf\u00e9 o\u00f9 j\u2019ai attendu H. \u00e0 Avignon, avant que l\u2019on s\u2019y retrouve et parte en idylle\u2009; le geste est long, m\u00e9canique et propice \u00e0 l\u2019introspection. \u00c0 l\u2019issue de la r\u00e9sidence, isol\u00e9s dans nos r\u00e9miniscences, nous ne vivons ne parlons plus que dans nos \u00e9t\u00e9s pass\u00e9s.<\/p>\n\n\n\n<p>Je compose un vid\u00e9o-po\u00e8me en cinq actes. \u00c0 l\u2019image apparaissent des d\u00e9tails entrelac\u00e9s-pixelis\u00e9s-flous-mouvant-tremblant des pi\u00e8ces tandis que coule \u00e0 l\u2019oreille un r\u00e9cit-r\u00eav\u00e9-lu-perform\u00e9 accompagn\u00e9 de sons de synth\u00e8se. Il y est question des amis, de l\u2019amour, de l\u2019autre\u2009; je l\u2019intitule <em><a href=\"https:\/\/youtu.be\/7FobW6F7ozw\" data-type=\"URL\" data-id=\"https:\/\/youtu.be\/7FobW6F7ozw\" target=\"_blank\" rel=\"noreferrer noopener\">quand j\u2019y suis j\u2019y reste<\/a><\/em>.<\/p>\n\n\n\n<p>\u00c0 mon retour \u00e0 Toulouse je l\u2019adapte en <a href=\"http:\/\/valentinalizer.com\/?p=795\" data-type=\"URL\" data-id=\"http:\/\/valentinalizer.com\/?p=795\">po\u00e8me-partition, jaune<\/a>.<\/p>\n\n\n\n<p>Au tout d\u00e9but de <em>Zizanies<\/em>, Clara Schulmann \u00e9voque \u00ab\u2009le point de d\u00e9part r\u00e9el de ce livre\u2009: une rupture amoureuse\u2009\u00bb, elle a \u00ab\u2009conscience de la plate banalit\u00e9 de cette exp\u00e9rience, que tant de gens traversent \u00e0 diff\u00e9rents moments de leur vie.\u2009\u00bb Je m\u2019int\u00e9resse \u00e0 ces exp\u00e9riences humaines ordinaires, communes, \u00e0 ce qui les rend exceptionnelles et \u00e0 ce qui, ainsi, \u00e0 l\u2019\u00e9chelle de l\u2019individu, fait sens.<\/p>\n\n\n\n<p>J\u2019apporte une attention particuli\u00e8re aux failles, aux n\u00e9vroses, aux petits \u00e9checs du quotidien, et \u00e0 toutes ces choses que l\u2019on montre peu, qui sont nos fragilit\u00e9s, nos \u00e9motions, qui emp\u00eachent et qui influent incidieusement-d\u00e9licatement sur nos d\u00e9cisions.<\/p>\n\n\n\n<p>Je m\u2019int\u00e9resse \u00e0 ce que l\u2019on se raconte \u00e0 soi et \u00e0 ce que l\u2019on raconte de soi, \u00e0 comment l\u2019on va cr\u00e9er du symbolique afin d\u2019appr\u00e9hender le r\u00e9el.<\/p>\n\n\n\n<p>Parce que je me sens ill\u00e9gitime \u00e0 parler de l\u2019autre, je n\u2019en fais pas le sujet\u2009: je parle de moi, et de mon rapport \u00e0 l\u2019autre. Je raconte ou combine ou con\u00e7ois des anecdotes, et j\u2019essaie d\u2019en interroger la place et la pertinence, pour l\u2019autre, celui qui les re\u00e7oit.<\/p>\n","protected":false},"excerpt":{"rendered":"<p>Prenons comme point de d\u00e9part ce moment o\u00f9 je compose, lis-performe une traduction homophon\u00e9tique de l\u2019UrSonate de Kurt Schwitters\u2009: l\u2019Ours Honn\u00eate. J\u2019y vais du phon\u00e9tique au s\u00e9mantique, francophone, grammaticalement correct afin d\u2019\u00e9laborer un semblant de narration diffuse. J\u2019\u00e9coute Michael Schmid, lui prend sa prosodie, tout ou partie de son flow et lis-performe le texte deux [&hellip;]<\/p>\n","protected":false},"author":1,"featured_media":0,"parent":0,"menu_order":0,"comment_status":"closed","ping_status":"closed","template":"","meta":{"_acf_changed":false,"footnotes":""},"class_list":["post-887","page","type-page","status-publish","hentry"],"acf":[],"_links":{"self":[{"href":"http:\/\/valentinalizer.com\/index.php?rest_route=\/wp\/v2\/pages\/887","targetHints":{"allow":["GET"]}}],"collection":[{"href":"http:\/\/valentinalizer.com\/index.php?rest_route=\/wp\/v2\/pages"}],"about":[{"href":"http:\/\/valentinalizer.com\/index.php?rest_route=\/wp\/v2\/types\/page"}],"author":[{"embeddable":true,"href":"http:\/\/valentinalizer.com\/index.php?rest_route=\/wp\/v2\/users\/1"}],"replies":[{"embeddable":true,"href":"http:\/\/valentinalizer.com\/index.php?rest_route=%2Fwp%2Fv2%2Fcomments&post=887"}],"version-history":[{"count":11,"href":"http:\/\/valentinalizer.com\/index.php?rest_route=\/wp\/v2\/pages\/887\/revisions"}],"predecessor-version":[{"id":901,"href":"http:\/\/valentinalizer.com\/index.php?rest_route=\/wp\/v2\/pages\/887\/revisions\/901"}],"wp:attachment":[{"href":"http:\/\/valentinalizer.com\/index.php?rest_route=%2Fwp%2Fv2%2Fmedia&parent=887"}],"curies":[{"name":"wp","href":"https:\/\/api.w.org\/{rel}","templated":true}]}}